{"id":4400,"date":"2021-10-12T15:51:09","date_gmt":"2021-10-12T15:51:09","guid":{"rendered":"http:\/\/dummy.xtemos.com\/woodmart2\/elementor\/?page_id=4400"},"modified":"2025-06-17T10:52:01","modified_gmt":"2025-06-17T10:52:01","slug":"sobre-nos","status":"publish","type":"page","link":"https:\/\/romaniacabamentos.com.br\/en\/sobre-nos\/","title":{"rendered":"Sobre N\u00f3s"},"content":{"rendered":"<div data-elementor-type=\"wp-page\" data-elementor-id=\"4400\" class=\"elementor elementor-4400\" data-elementor-post-type=\"page\">\n\t\t\t\t<div data-particle_enable=\"false\" data-particle-mobile-disabled=\"false\" class=\"wd-negative-gap elementor-element elementor-element-7c7c544 e-flex e-con-boxed e-con e-parent\" data-id=\"7c7c544\" data-element_type=\"container\" data-e-type=\"container\">\n\t\t\t\t\t<div class=\"e-con-inner\">\n\t\t<div data-particle_enable=\"false\" data-particle-mobile-disabled=\"false\" class=\"elementor-element elementor-element-e7cb5cd e-con-full e-flex e-con e-child\" data-id=\"e7cb5cd\" data-element_type=\"container\" data-e-type=\"container\">\n\t\t\t\t<div class=\"elementor-element elementor-element-56aec39 elementor-widget elementor-widget-wd_image_or_svg\" data-id=\"56aec39\" data-element_type=\"widget\" data-e-type=\"widget\" data-widget_type=\"wd_image_or_svg.default\">\n\t\t\t\t<div class=\"elementor-widget-container\">\n\t\t\t\t\t\n\t\t<div class=\"wd-image text-left\">\n\t\t\t\t\t\t\t\t<img loading=\"lazy\" decoding=\"async\" width=\"1200\" height=\"900\" src=\"https:\/\/romaniacabamentos.com.br\/wp-content\/uploads\/2025\/06\/WhatsApp-Image-2025-06-17-at-07.49.17-3-scaled.jpeg\" class=\"attachment-full size-full\" alt=\"\" srcset=\"https:\/\/romaniacabamentos.com.br\/wp-content\/uploads\/2025\/06\/WhatsApp-Image-2025-06-17-at-07.49.17-3-scaled.jpeg 1200w, https:\/\/romaniacabamentos.com.br\/wp-content\/uploads\/2025\/06\/WhatsApp-Image-2025-06-17-at-07.49.17-3-600x450.jpeg 600w, https:\/\/romaniacabamentos.com.br\/wp-content\/uploads\/2025\/06\/WhatsApp-Image-2025-06-17-at-07.49.17-3-1000x750.jpeg 1000w, https:\/\/romaniacabamentos.com.br\/wp-content\/uploads\/2025\/06\/WhatsApp-Image-2025-06-17-at-07.49.17-3-768x576.jpeg 768w\" sizes=\"auto, (max-width: 1200px) 100vw, 1200px\" \/>\t\t\t\t\t<\/div>\n\n\t\t\t\t\t\t<\/div>\n\t\t\t\t<\/div>\n\t\t\t\t<div class=\"elementor-element elementor-element-16d6607 elementor-widget elementor-widget-wd_image_or_svg\" data-id=\"16d6607\" data-element_type=\"widget\" data-e-type=\"widget\" data-widget_type=\"wd_image_or_svg.default\">\n\t\t\t\t<div class=\"elementor-widget-container\">\n\t\t\t\t\t\n\t\t<div class=\"wd-image text-left\">\n\t\t\t\t\t\t\t\t<img loading=\"lazy\" decoding=\"async\" width=\"1200\" height=\"900\" src=\"https:\/\/romaniacabamentos.com.br\/wp-content\/uploads\/2025\/06\/WhatsApp-Image-2025-06-17-at-07.49.17-2-scaled.jpeg\" class=\"attachment-full size-full\" alt=\"\" srcset=\"https:\/\/romaniacabamentos.com.br\/wp-content\/uploads\/2025\/06\/WhatsApp-Image-2025-06-17-at-07.49.17-2-scaled.jpeg 1200w, https:\/\/romaniacabamentos.com.br\/wp-content\/uploads\/2025\/06\/WhatsApp-Image-2025-06-17-at-07.49.17-2-600x450.jpeg 600w, https:\/\/romaniacabamentos.com.br\/wp-content\/uploads\/2025\/06\/WhatsApp-Image-2025-06-17-at-07.49.17-2-1000x750.jpeg 1000w, https:\/\/romaniacabamentos.com.br\/wp-content\/uploads\/2025\/06\/WhatsApp-Image-2025-06-17-at-07.49.17-2-768x576.jpeg 768w\" sizes=\"auto, (max-width: 1200px) 100vw, 1200px\" \/>\t\t\t\t\t<\/div>\n\n\t\t\t\t\t\t<\/div>\n\t\t\t\t<\/div>\n\t\t\t\t<\/div>\n\t\t<div data-particle_enable=\"false\" data-particle-mobile-disabled=\"false\" class=\"elementor-element elementor-element-97d6084 e-con-full e-flex e-con e-child\" data-id=\"97d6084\" data-element_type=\"container\" data-e-type=\"container\">\n\t\t\t\t<div class=\"elementor-element elementor-element-98d830b wd-width-100 elementor-widget elementor-widget-wd_title\" data-id=\"98d830b\" data-element_type=\"widget\" data-e-type=\"widget\" data-widget_type=\"wd_title.default\">\n\t\t\t\t<div class=\"elementor-widget-container\">\n\t\t\t\t\t\t\t<div class=\"title-wrapper wd-set-mb reset-last-child wd-title-color-primary wd-title-style-default wd-title-size-large text-left\">\n\n\t\t\t\t\t\t\t\t\t\t\t<div class=\"title-subtitle subtitle-color-primary subtitle-style-default wd-fontsize-xs\">\n\t\t\t\t\t Sobre a Romani Constru\u00e7\u00e3o e Acabamentos\t\t\t\t<\/div>\n\t\t\t\n\t\t\t<div class=\"liner-continer\">\n\t\t\t\t<h4 class=\"woodmart-title-container title wd-fontsize-xxl\">Um pouco sobre nossa hist\u00f3ria<\/h4> \n\t\t\t\t\t\t\t<\/div>\n\n\t\t\t\t\t\t\t<div class=\"title-after_title reset-last-child wd-fontsize-s\">\n\t\t\t\t\t<p>H\u00e1 mais de 20 anos, a Romani Constru\u00e7\u00e3o e Acabamentos se destaca em Londrina por oferecer qualidade, confian\u00e7a e atendimento personalizado. Nossa miss\u00e3o \u00e9 trazer solu\u00e7\u00f5es completas em pisos, porcelanatos e revestimentos para obras de todos os tamanhos.<\/p>\t\t\t\t<\/div>\n\t\t\t\t\t<\/div>\n\t\t\t\t\t\t<\/div>\n\t\t\t\t<\/div>\n\t\t\t\t<div class=\"elementor-element elementor-element-66e47ad elementor-widget elementor-widget-wd_text_block\" data-id=\"66e47ad\" data-element_type=\"widget\" data-e-type=\"widget\" data-widget_type=\"wd_text_block.default\">\n\t\t\t\t<div class=\"elementor-widget-container\">\n\t\t\t\t\t\t\t<div class=\"wd-text-block reset-last-child text-left\">\n\t\t\t\n\t\t\t<h3 data-start=\"519\" data-end=\"540\">\ud83d\ude80 Nossa Miss\u00e3o<\/h3><p data-start=\"541\" data-end=\"706\">Prover materiais de constru\u00e7\u00e3o e acabamentos com alto padr\u00e3o de qualidade, agilidade e atendimento humanizado \u2014 para que sua obra seja bem-sucedida do in\u00edcio ao fim.<\/p><h3 data-start=\"713\" data-end=\"733\">\ud83c\udfaf Nossa Vis\u00e3o<\/h3><p data-start=\"734\" data-end=\"879\">Ser reconhecida como refer\u00eancia regional no segmento, entregando inova\u00e7\u00e3o, seguran\u00e7a e solu\u00e7\u00f5es modernas nas lojas f\u00edsicas e no ambiente digital.<\/p><h3 data-start=\"886\" data-end=\"909\">\ud83e\udded Nossos Valores<\/h3><ul data-start=\"910\" data-end=\"1120\"><li data-start=\"910\" data-end=\"949\"><p data-start=\"912\" data-end=\"949\">Atendimento emp\u00e1tico e diferenciado<\/p><\/li><li data-start=\"950\" data-end=\"984\"><p data-start=\"952\" data-end=\"984\">Comprometimento com resultados<\/p><\/li><li data-start=\"985\" data-end=\"1028\"><p data-start=\"987\" data-end=\"1028\">Respeito e \u00e9tica em cada relacionamento<\/p><\/li><li data-start=\"1029\" data-end=\"1074\"><p data-start=\"1031\" data-end=\"1074\">Valoriza\u00e7\u00e3o e crescimento de nossa equipe<\/p><\/li><li data-start=\"1075\" data-end=\"1120\"><p data-start=\"1077\" data-end=\"1120\">Inova\u00e7\u00e3o constante e busca por excel\u00eancia<\/p><\/li><\/ul>\n\t\t\t\t\t<\/div>\n\t\t\t\t\t\t<\/div>\n\t\t\t\t<\/div>\n\t\t<div data-particle_enable=\"false\" data-particle-mobile-disabled=\"false\" class=\"elementor-element elementor-element-3eef7d8 e-con-full e-flex e-con e-child\" data-id=\"3eef7d8\" data-element_type=\"container\" data-e-type=\"container\">\n\t\t\t\t<div class=\"elementor-element elementor-element-ee232e9 elementor-widget__width-auto elementor-hidden-phone elementor-widget elementor-widget-wd_social_buttons\" data-id=\"ee232e9\" data-element_type=\"widget\" data-e-type=\"widget\" data-widget_type=\"wd_social_buttons.default\">\n\t\t\t\t<div class=\"elementor-widget-container\">\n\t\t\t\t\t\t\t\t<div\n\t\t\t\t\t\tclass=\"wd-social-icons wd-style-colored-alt wd-size-small social-follow wd-shape-circle color-scheme-dark text-left\">\n\t\t\t\t\n\t\t\t\t\n\t\t\t\t\t\t\t\t\t<a rel=\"noopener noreferrer nofollow\" href=\"https:\/\/www.facebook.com\/depositoromani\" target=\"_blank\" class=\"wd-social-icon social-facebook\" aria-label=\"Facebook social link\">\n\t\t\t\t\t\t<span class=\"wd-icon\"><\/span>\n\t\t\t\t\t\t\t\t\t\t\t<\/a>\n\t\t\t\t\n\t\t\t\t\n\t\t\t\t\n\t\t\t\t\n\t\t\t\t\t\t\t\t\t<a rel=\"noopener noreferrer nofollow\" href=\"https:\/\/www.instagram.com\/deposito.romani\" target=\"_blank\" class=\"wd-social-icon social-instagram\" aria-label=\"Instagram social link\">\n\t\t\t\t\t\t<span class=\"wd-icon\"><\/span>\n\t\t\t\t\t\t\t\t\t\t\t<\/a>\n\t\t\t\t\n\t\t\t\t\t\t\t\t\t<a rel=\"noopener noreferrer nofollow\" href=\"https:\/\/www.threads.com\/@deposito.romani\" target=\"_blank\" class=\"wd-social-icon social-threads\" aria-label=\"Threads social link\">\n\t\t\t\t\t\t<span class=\"wd-icon\"><\/span>\n\t\t\t\t\t\t\t\t\t\t\t<\/a>\n\t\t\t\t\n\t\t\t\t\t\t\t\t\t<a rel=\"noopener noreferrer nofollow\" href=\"https:\/\/www.youtube.com\/@romaniconstrucaoeacabament4515\" target=\"_blank\" class=\"wd-social-icon social-youtube\" aria-label=\"YouTube social link\">\n\t\t\t\t\t\t<span class=\"wd-icon\"><\/span>\n\t\t\t\t\t\t\t\t\t\t\t<\/a>\n\t\t\t\t\n\t\t\t\t\t\t\t\t\t<a rel=\"noopener noreferrer nofollow\" href=\"https:\/\/br.pinterest.com\/RomaniConstrucaoEAcabamento\" target=\"_blank\" class=\"wd-social-icon social-pinterest\" aria-label=\"Pinterest social link\">\n\t\t\t\t\t\t<span class=\"wd-icon\"><\/span>\n\t\t\t\t\t\t\t\t\t\t\t<\/a>\n\t\t\t\t\n\t\t\t\t\n\t\t\t\t\n\t\t\t\t\n\t\t\t\t\n\t\t\t\t\n\t\t\t\t\n\t\t\t\t\n\t\t\t\t\n\t\t\t\t\n\t\t\t\t\n\t\t\t\t\t\t\t\t\t<a rel=\"noopener noreferrer nofollow\" href=\"https:\/\/wa.me\/554333399193?text=Estavanositeprecisodemaisinformaes\" target=\"_blank\" class=\"wd-hide-md wd-social-icon social-whatsapp\" aria-label=\"WhatsApp social link\">\n\t\t\t\t\t\t<span class=\"wd-icon\"><\/span>\n\t\t\t\t\t\t\t\t\t\t\t<\/a>\n\n\t\t\t\t\t<a rel=\"noopener noreferrer nofollow\" href=\"https:\/\/wa.me\/554333399193?text=Estavanositeprecisodemaisinformaes\" target=\"_blank\" class=\"wd-hide-lg wd-social-icon social-whatsapp\" aria-label=\"WhatsApp social link\">\n\t\t\t\t\t\t<span class=\"wd-icon\"><\/span>\n\t\t\t\t\t\t\t\t\t\t\t<\/a>\n\t\t\t\t\n\t\t\t\t\n\t\t\t\t\n\t\t\t\t\t\t\t\t\t<a rel=\"noopener noreferrer nofollow\" href=\"https:\/\/www.tiktok.com\/@deposito.romani\" target=\"_blank\" class=\"wd-social-icon social-tiktok\" aria-label=\"TikTok social link\">\n\t\t\t\t\t\t<span class=\"wd-icon\"><\/span>\n\t\t\t\t\t\t\t\t\t\t\t<\/a>\n\t\t\t\t\n\t\t\t\t\n\t\t\t\t\n\t\t\t\t\n\t\t\t\t\n\t\t\t<\/div>\n\n\t\t\t\t\t\t<\/div>\n\t\t\t\t<\/div>\n\t\t\t\t<\/div>\n\t\t\t\t<\/div>\n\t\t\t\t\t<\/div>\n\t\t\t\t<\/div>\n\t\t<div data-particle_enable=\"false\" data-particle-mobile-disabled=\"false\" class=\"wd-negative-gap elementor-element elementor-element-8481c26 e-flex e-con-boxed e-con e-parent\" data-id=\"8481c26\" data-element_type=\"container\" data-e-type=\"container\">\n\t\t\t\t\t<div class=\"e-con-inner\">\n\t\t\t\t\t<\/div>\n\t\t\t\t<\/div>\n\t\t<div data-particle_enable=\"false\" data-particle-mobile-disabled=\"false\" class=\"wd-negative-gap elementor-element elementor-element-f168c0a e-flex e-con-boxed e-con e-parent\" data-id=\"f168c0a\" data-element_type=\"container\" data-e-type=\"container\">\n\t\t\t\t\t<div class=\"e-con-inner\">\n\t\t<div data-particle_enable=\"false\" data-particle-mobile-disabled=\"false\" class=\"elementor-element elementor-element-5642404 e-con-full e-flex e-con e-child\" data-id=\"5642404\" data-element_type=\"container\" data-e-type=\"container\">\n\t\t\t\t<div class=\"elementor-element elementor-element-6cf5219 wd-width-100 elementor-widget elementor-widget-wd_video\" data-id=\"6cf5219\" data-element_type=\"widget\" data-e-type=\"widget\" data-widget_type=\"wd_video.default\">\n\t\t\t\t<div class=\"elementor-widget-container\">\n\t\t\t\t\t\n\t\t<div class=\"wd-el-video wd-action-overlay wd-video-youtube wd-with-aspect-ratio\">\n\t\t\t\t\t\t\t<iframe data-lazy-load=\"https:\/\/www.youtube.com\/embed\/HI8cQvHbBtM?feature=oembed&loop=0&mute=0&controls=1\" allowfullscreen allow=\"accelerometer; autoplay; encrypted-media; gyroscope; picture-in-picture\" width=\"100%\" height=\"100%\" loading=\"lazy\" aria-label=\"Video player\"><\/iframe>\t\t\t\n\t\t\t\n\t\t\t\n\t\t\t\t\t\t\t<div class=\"wd-el-video-overlay wd-fill\">\n\t\t\t\t\t<img loading=\"lazy\" decoding=\"async\" width=\"768\" height=\"375\" src=\"https:\/\/romaniacabamentos.com.br\/wp-content\/uploads\/2025\/06\/2025-06-17-07_46_26-8-Descubra-a-Romani-Construcao-e-Acabamentos-Referencia-em-Porcelanatos-e-pi-768x375.jpg\" class=\"attachment-medium_large size-medium_large\" alt=\"\" \/>\t\t\t\t<\/div>\n\t\t\t\t<div class=\"wd-el-video-control color-scheme-light wd-fill\">\n\t\t\t\t\t<span class=\"wd-el-video-play-btn\"><\/span>\n\t\t\t\t\t\t\t\t\t<\/div>\n\n\t\t\t\t<a class=\"wd-el-video-link wd-el-video-btn-overlay wd-fill\" href=\"https:\/\/youtu.be\/HI8cQvHbBtM\" aria-label=\"Play video\" target=\"_blank\" rel=\"noopener\"><\/a>\n\t\t\t\t\t<\/div>\n\t\t\t\t\t\t<\/div>\n\t\t\t\t<\/div>\n\t\t\t\t<\/div>\n\t\t<div data-particle_enable=\"false\" data-particle-mobile-disabled=\"false\" class=\"elementor-element elementor-element-b67633c e-con-full e-flex e-con e-child\" data-id=\"b67633c\" data-element_type=\"container\" data-e-type=\"container\">\n\t\t\t\t<div class=\"elementor-element elementor-element-fbc0b44 wd-width-100 elementor-widget elementor-widget-wd_video\" data-id=\"fbc0b44\" data-element_type=\"widget\" data-e-type=\"widget\" data-widget_type=\"wd_video.default\">\n\t\t\t\t<div class=\"elementor-widget-container\">\n\t\t\t\t\t\n\t\t<div class=\"wd-el-video wd-action-overlay wd-video-youtube wd-with-aspect-ratio\">\n\t\t\t\t\t\t\t<iframe data-lazy-load=\"https:\/\/www.youtube.com\/embed\/fBLvVldz5n0?feature=oembed&loop=0&mute=0&controls=1\" allowfullscreen allow=\"accelerometer; autoplay; encrypted-media; gyroscope; picture-in-picture\" width=\"100%\" height=\"100%\" loading=\"lazy\" aria-label=\"Video player\"><\/iframe>\t\t\t\n\t\t\t\n\t\t\t\n\t\t\t\t\t\t\t<div class=\"wd-el-video-overlay wd-fill\">\n\t\t\t\t\t<img loading=\"lazy\" decoding=\"async\" width=\"1200\" height=\"664\" src=\"https:\/\/romaniacabamentos.com.br\/wp-content\/uploads\/2025\/06\/2025-06-17-07_45_16-8-Descubra-a-Romani-Construcao-e-Acabamentos-Referencia-em-Porcelanatos-e-pi.jpg\" class=\"attachment-full size-full\" alt=\"\" \/>\t\t\t\t<\/div>\n\t\t\t\t<div class=\"wd-el-video-control color-scheme-light wd-fill\">\n\t\t\t\t\t<span class=\"wd-el-video-play-btn\"><\/span>\n\t\t\t\t\t\t\t\t\t<\/div>\n\n\t\t\t\t<a class=\"wd-el-video-link wd-el-video-btn-overlay wd-fill\" href=\"https:\/\/youtu.be\/fBLvVldz5n0\" aria-label=\"Play video\" target=\"_blank\" rel=\"noopener\"><\/a>\n\t\t\t\t\t<\/div>\n\t\t\t\t\t\t<\/div>\n\t\t\t\t<\/div>\n\t\t\t\t<\/div>\n\t\t\t\t\t<\/div>\n\t\t\t\t<\/div>\n\t\t\t\t<\/div>","protected":false},"excerpt":{"rendered":"<p>Sobre a Romani Constru\u00e7\u00e3o e Acabamentos Um pouco sobre nossa hist\u00f3ria H\u00e1 mais de 20 anos, a Romani Constru\u00e7\u00e3o e<\/p>","protected":false},"author":1,"featured_media":0,"parent":0,"menu_order":0,"comment_status":"closed","ping_status":"closed","template":"","meta":{"footnotes":""},"class_list":["post-4400","page","type-page","status-publish","hentry"],"_links":{"self":[{"href":"https:\/\/romaniacabamentos.com.br\/en\/wp-json\/wp\/v2\/pages\/4400","targetHints":{"allow":["GET"]}}],"collection":[{"href":"https:\/\/romaniacabamentos.com.br\/en\/wp-json\/wp\/v2\/pages"}],"about":[{"href":"https:\/\/romaniacabamentos.com.br\/en\/wp-json\/wp\/v2\/types\/page"}],"author":[{"embeddable":true,"href":"https:\/\/romaniacabamentos.com.br\/en\/wp-json\/wp\/v2\/users\/1"}],"replies":[{"embeddable":true,"href":"https:\/\/romaniacabamentos.com.br\/en\/wp-json\/wp\/v2\/comments?post=4400"}],"version-history":[{"count":35,"href":"https:\/\/romaniacabamentos.com.br\/en\/wp-json\/wp\/v2\/pages\/4400\/revisions"}],"predecessor-version":[{"id":33965,"href":"https:\/\/romaniacabamentos.com.br\/en\/wp-json\/wp\/v2\/pages\/4400\/revisions\/33965"}],"wp:attachment":[{"href":"https:\/\/romaniacabamentos.com.br\/en\/wp-json\/wp\/v2\/media?parent=4400"}],"curies":[{"name":"wp","href":"https:\/\/api.w.org\/{rel}","templated":true}]}}