{"id":38289,"date":"2025-06-21T11:15:12","date_gmt":"2025-06-21T11:15:12","guid":{"rendered":"https:\/\/romaniacabamentos.com.br\/?page_id=38289"},"modified":"2025-06-21T11:15:13","modified_gmt":"2025-06-21T11:15:13","slug":"fornecedores","status":"publish","type":"page","link":"https:\/\/romaniacabamentos.com.br\/en\/fornecedores\/","title":{"rendered":"Fornecedores"},"content":{"rendered":"<p>Seja um Fornecedor da Romani<\/p>\n\n\n\n<p>Na <strong>Romani Constru\u00e7\u00e3o e Acabamentos<\/strong>, reconhecemos que fornecedores comprometidos com a qualidade e a pontualidade s\u00e3o parte essencial do nosso sucesso. Se voc\u00ea representa uma empresa que oferece <strong>produtos para constru\u00e7\u00e3o, acabamentos ou solu\u00e7\u00f5es inovadoras para o setor<\/strong>, ficaremos felizes em conhecer o que voc\u00ea tem a oferecer.<\/p>\n\n\n\n<p>Nossa equipe de compras atende exclusivamente com <strong>hor\u00e1rio agendado<\/strong>. Por isso, pedimos que, se for um novo fornecedor, envie uma apresenta\u00e7\u00e3o da sua empresa e seus produtos por meio do formul\u00e1rio abaixo. Nossa equipe analisar\u00e1 cuidadosamente cada proposta e entrar\u00e1 em contato, caso haja interesse em agendar uma reuni\u00e3o.<\/p>\n\n\n\n<p>Agradecemos sua compreens\u00e3o e o interesse em construir uma parceria s\u00f3lida conosco!<\/p>\n\n\n\n<hr class=\"wp-block-separator has-alpha-channel-opacity\"\/>\n\n\n\n<h2 class=\"wp-block-heading\">Formul\u00e1rio de Apresenta\u00e7\u00e3o<\/h2>\n\n\n\n<style id=\"wpforms-css-vars-38290\">\n\t\t\t\t#wpforms-38290 {\n\t\t\t\t\n\t\t\t}\n\t\t\t<\/style><div class=\"wpforms-container wpforms-container-full wpforms-render-modern\" id=\"wpforms-38290\"><form id=\"wpforms-form-38290\" class=\"wpforms-validate wpforms-form wpforms-ajax-form\" data-formid=\"38290\" method=\"post\" enctype=\"multipart\/form-data\" action=\"\/en\/wp-json\/wp\/v2\/pages\/38289?wpforms_form_id=38290\" data-token=\"30fac67c27c03075c451d857e9c3d7a0\" data-token-time=\"1778739623\" data-trp-original-action=\"\/en\/wp-json\/wp\/v2\/pages\/38289?wpforms_form_id=38290\"><noscript class=\"wpforms-error-noscript\">Please enable JavaScript in your browser to complete this form.<\/noscript><div id=\"wpforms-error-noscript\" style=\"display: none;\">Please enable JavaScript in your browser to complete this form.<\/div><div class=\"wpforms-field-container\"><div id=\"wpforms-38290-field_0-container\" class=\"wpforms-field wpforms-field-name\" data-field-id=\"0\"><label class=\"wpforms-field-label\" for=\"wpforms-38290-field_0\">Nome da Empresa <span class=\"wpforms-required-label\" aria-hidden=\"true\">*<\/span><\/label><input type=\"text\" id=\"wpforms-38290-field_0\" class=\"wpforms-field-medium wpforms-field-required\" name=\"wpforms[fields][0]\" aria-errormessage=\"wpforms-38290-field_0-error\" required><\/div><div id=\"wpforms-38290-field_11-container\" class=\"wpforms-field wpforms-field-radio wpforms-list-inline\" data-field-id=\"11\"><fieldset><legend class=\"wpforms-field-label\">Segmento da Empresa <span class=\"wpforms-required-label\" aria-hidden=\"true\">*<\/span><\/legend><ul id=\"wpforms-38290-field_11\" class=\"wpforms-field-required wpforms-icon-choices wpforms-icon-choices-default wpforms-icon-choices-large\" style=\"--wpforms-icon-choices-color: #066aab;\"><li class=\"choice-1 depth-1 wpforms-icon-choices-item\"><label class=\"wpforms-field-label-inline\" for=\"wpforms-38290-field_11_1\">\n\t\t\t\t<span class=\"wpforms-icon-choices-icon\">\n\t\t\t\t\t<svg xmlns=\"http:\/\/www.w3.org\/2000\/svg\" width=\"80\" height=\"64\" viewbox=\"0 0 576 512\"><!--! Font Awesome Free 6.4.0 by @fontawesome - https:\/\/fontawesome.com License - https:\/\/fontawesome.com\/license\/free (Icons: CC BY 4.0, Fonts: SIL OFL 1.1, Code: MIT License) Copyright 2023 Fonticons, Inc. --><path d=\"M64 32C46.3 32 32 46.3 32 64V304v48 80c0 26.5 21.5 48 48 48H496c26.5 0 48-21.5 48-48V304 152.2c0-18.2-19.4-29.7-35.4-21.1L352 215.4V152.2c0-18.2-19.4-29.7-35.4-21.1L160 215.4V64c0-17.7-14.3-32-32-32H64z\"\/><\/svg>\n\t\t\t\t\t<span class=\"wpforms-icon-choices-icon-bg\"><\/span>\n\t\t\t\t<\/span>\n\t\t\t\t<input type=\"radio\" id=\"wpforms-38290-field_11_1\" class=\"wpforms-screen-reader-element\" name=\"wpforms[fields][11]\" value=\"Direto da F\u00e1brica ou Ind\u00fastria\" aria-errormessage=\"wpforms-38290-field_11_1-error\" required>\n\t\t\t\t<span class=\"wpforms-icon-choices-label\">Direto da F\u00e1brica ou Ind\u00fastria<\/span>\n\t\t\t<\/label><\/li><li class=\"choice-2 depth-1 wpforms-icon-choices-item\"><label class=\"wpforms-field-label-inline\" for=\"wpforms-38290-field_11_2\">\n\t\t\t\t<span class=\"wpforms-icon-choices-icon\">\n\t\t\t\t\t<svg xmlns=\"http:\/\/www.w3.org\/2000\/svg\" width=\"80\" height=\"64\" viewbox=\"0 0 640 512\"><!--! Font Awesome Free 6.4.0 by @fontawesome - https:\/\/fontawesome.com License - https:\/\/fontawesome.com\/license\/free (Icons: CC BY 4.0, Fonts: SIL OFL 1.1, Code: MIT License) Copyright 2023 Fonticons, Inc. --><path d=\"M112 0C85.5 0 64 21.5 64 48V96H16c-8.8 0-16 7.2-16 16s7.2 16 16 16H64 272c8.8 0 16 7.2 16 16s-7.2 16-16 16H64 48c-8.8 0-16 7.2-16 16s7.2 16 16 16H64 240c8.8 0 16 7.2 16 16s-7.2 16-16 16H64 16c-8.8 0-16 7.2-16 16s7.2 16 16 16H64 208c8.8 0 16 7.2 16 16s-7.2 16-16 16H64V416c0 53 43 96 96 96s96-43 96-96H384c0 53 43 96 96 96s96-43 96-96h32c17.7 0 32-14.3 32-32s-14.3-32-32-32V288 256 237.3c0-17-6.7-33.3-18.7-45.3L512 114.7c-12-12-28.3-18.7-45.3-18.7H416V48c0-26.5-21.5-48-48-48H112zM544 237.3V256H416V160h50.7L544 237.3zM160 368a48 48 0 1 1 0 96 48 48 0 1 1 0-96zm272 48a48 48 0 1 1 96 0 48 48 0 1 1 -96 0z\"\/><\/svg>\n\t\t\t\t\t<span class=\"wpforms-icon-choices-icon-bg\"><\/span>\n\t\t\t\t<\/span>\n\t\t\t\t<input type=\"radio\" id=\"wpforms-38290-field_11_2\" class=\"wpforms-screen-reader-element\" name=\"wpforms[fields][11]\" value=\"Atacado\" aria-errormessage=\"wpforms-38290-field_11_2-error\" required>\n\t\t\t\t<span class=\"wpforms-icon-choices-label\">Atacado<\/span>\n\t\t\t<\/label><\/li><li class=\"choice-4 depth-1 wpforms-icon-choices-item\"><label class=\"wpforms-field-label-inline\" for=\"wpforms-38290-field_11_4\">\n\t\t\t\t<span class=\"wpforms-icon-choices-icon\">\n\t\t\t\t\t<svg xmlns=\"http:\/\/www.w3.org\/2000\/svg\" width=\"80\" height=\"64\" viewbox=\"0 0 640 512\"><!--! Font Awesome Free 6.4.0 by @fontawesome - https:\/\/fontawesome.com License - https:\/\/fontawesome.com\/license\/free (Icons: CC BY 4.0, Fonts: SIL OFL 1.1, Code: MIT License) Copyright 2023 Fonticons, Inc. --><path d=\"M9.4 9.4C21.9-3.1 42.1-3.1 54.6 9.4L160 114.7V96c0-17.7 14.3-32 32-32s32 14.3 32 32v96c0 4.3-.9 8.5-2.4 12.2c-1.6 3.7-3.8 7.3-6.9 10.3l-.1 .1c-3.1 3-6.6 5.3-10.3 6.9c-3.8 1.6-7.9 2.4-12.2 2.4H96c-17.7 0-32-14.3-32-32s14.3-32 32-32h18.7L9.4 54.6C-3.1 42.1-3.1 21.9 9.4 9.4zM256 256a64 64 0 1 1 128 0 64 64 0 1 1 -128 0zM114.7 352H96c-17.7 0-32-14.3-32-32s14.3-32 32-32h96 0l.1 0c8.8 0 16.7 3.6 22.5 9.3l.1 .1c3 3.1 5.3 6.6 6.9 10.3c1.6 3.8 2.4 7.9 2.4 12.2v96c0 17.7-14.3 32-32 32s-32-14.3-32-32V397.3L54.6 502.6c-12.5 12.5-32.8 12.5-45.3 0s-12.5-32.8 0-45.3L114.7 352zM416 96c0-17.7 14.3-32 32-32s32 14.3 32 32v18.7L585.4 9.4c12.5-12.5 32.8-12.5 45.3 0s12.5 32.8 0 45.3L525.3 160H544c17.7 0 32 14.3 32 32s-14.3 32-32 32H448c-8.8 0-16.8-3.6-22.6-9.3l-.1-.1c-3-3.1-5.3-6.6-6.9-10.3s-2.4-7.8-2.4-12.2l0-.1v0V96zM525.3 352L630.6 457.4c12.5 12.5 12.5 32.8 0 45.3s-32.8 12.5-45.3 0L480 397.3V416c0 17.7-14.3 32-32 32s-32-14.3-32-32V320v0c0 0 0-.1 0-.1c0-4.3 .9-8.4 2.4-12.2c1.6-3.8 3.9-7.3 6.9-10.4c5.8-5.8 13.7-9.3 22.5-9.4c0 0 .1 0 .1 0h0 96c17.7 0 32 14.3 32 32s-14.3 32-32 32H525.3z\"\/><\/svg>\n\t\t\t\t\t<span class=\"wpforms-icon-choices-icon-bg\"><\/span>\n\t\t\t\t<\/span>\n\t\t\t\t<input type=\"radio\" id=\"wpforms-38290-field_11_4\" class=\"wpforms-screen-reader-element\" name=\"wpforms[fields][11]\" value=\"Distribuidor\" aria-errormessage=\"wpforms-38290-field_11_4-error\" required>\n\t\t\t\t<span class=\"wpforms-icon-choices-label\">Distribuidor<\/span>\n\t\t\t<\/label><\/li><li class=\"choice-3 depth-1 wpforms-icon-choices-item\"><label class=\"wpforms-field-label-inline\" for=\"wpforms-38290-field_11_3\">\n\t\t\t\t<span class=\"wpforms-icon-choices-icon\">\n\t\t\t\t\t<svg xmlns=\"http:\/\/www.w3.org\/2000\/svg\" width=\"80\" height=\"64\" viewbox=\"0 0 512 512\"><!--! Font Awesome Free 6.4.0 by @fontawesome - https:\/\/fontawesome.com License - https:\/\/fontawesome.com\/license\/free (Icons: CC BY 4.0, Fonts: SIL OFL 1.1, Code: MIT License) Copyright 2023 Fonticons, Inc. --><path d=\"M471.6 21.7c-21.9-21.9-57.3-21.9-79.2 0L362.3 51.7l97.9 97.9 30.1-30.1c21.9-21.9 21.9-57.3 0-79.2L471.6 21.7zm-299.2 220c-6.1 6.1-10.8 13.6-13.5 21.9l-29.6 88.8c-2.9 8.6-.6 18.1 5.8 24.6s15.9 8.7 24.6 5.8l88.8-29.6c8.2-2.7 15.7-7.4 21.9-13.5L437.7 172.3 339.7 74.3 172.4 241.7zM96 64C43 64 0 107 0 160V416c0 53 43 96 96 96H352c53 0 96-43 96-96V320c0-17.7-14.3-32-32-32s-32 14.3-32 32v96c0 17.7-14.3 32-32 32H96c-17.7 0-32-14.3-32-32V160c0-17.7 14.3-32 32-32h96c17.7 0 32-14.3 32-32s-14.3-32-32-32H96z\"\/><\/svg>\n\t\t\t\t\t<span class=\"wpforms-icon-choices-icon-bg\"><\/span>\n\t\t\t\t<\/span>\n\t\t\t\t<input type=\"radio\" id=\"wpforms-38290-field_11_3\" class=\"wpforms-screen-reader-element\" name=\"wpforms[fields][11]\" value=\"Outros\" aria-errormessage=\"wpforms-38290-field_11_3-error\" required>\n\t\t\t\t<span class=\"wpforms-icon-choices-label\">Outros<\/span>\n\t\t\t<\/label><\/li><\/ul><\/fieldset><\/div><div id=\"wpforms-38290-field_4-container\" class=\"wpforms-field wpforms-field-url\" data-field-id=\"4\"><label class=\"wpforms-field-label\" for=\"wpforms-38290-field_4\">Website \/ URL - Empresa<\/label><input type=\"url\" id=\"wpforms-38290-field_4\" class=\"wpforms-field-medium\" name=\"wpforms[fields][4]\" aria-errormessage=\"wpforms-38290-field_4-error\" ><\/div><div id=\"wpforms-38290-field_5-container\" class=\"wpforms-field wpforms-field-name\" data-field-id=\"5\"><fieldset><legend class=\"wpforms-field-label\">Nome do Representante <span class=\"wpforms-required-label\" aria-hidden=\"true\">*<\/span><\/legend><div class=\"wpforms-field-row wpforms-field-medium\"><div class=\"wpforms-field-row-block wpforms-first wpforms-one-half\"><input type=\"text\" id=\"wpforms-38290-field_5\" class=\"wpforms-field-name-first wpforms-field-required\" name=\"wpforms[fields][5][first]\" aria-errormessage=\"wpforms-38290-field_5-error\" required><label for=\"wpforms-38290-field_5\" class=\"wpforms-field-sublabel after\">First<\/label><\/div><div class=\"wpforms-field-row-block wpforms-one-half\"><input type=\"text\" id=\"wpforms-38290-field_5-last\" class=\"wpforms-field-name-last wpforms-field-required\" name=\"wpforms[fields][5][last]\" aria-errormessage=\"wpforms-38290-field_5-last-error\" required><label for=\"wpforms-38290-field_5-last\" class=\"wpforms-field-sublabel after\">Last<\/label><\/div><\/div><\/fieldset><\/div><div id=\"wpforms-38290-field_6-container\" class=\"wpforms-field wpforms-field-phone\" data-field-id=\"6\"><label class=\"wpforms-field-label\" for=\"wpforms-38290-field_6\">Telefone <span class=\"wpforms-required-label\" aria-hidden=\"true\">*<\/span><\/label><input type=\"tel\" id=\"wpforms-38290-field_6\" class=\"wpforms-field-medium wpforms-field-required wpforms-smart-phone-field\" data-rule-smart-phone-field=\"true\" name=\"wpforms[fields][6]\" aria-label=\"Telefone\" aria-errormessage=\"wpforms-38290-field_6-error\" required><\/div><div id=\"wpforms-38290-field_1-container\" class=\"wpforms-field wpforms-field-email\" data-field-id=\"1\"><label class=\"wpforms-field-label\" for=\"wpforms-38290-field_1\">Email <span class=\"wpforms-required-label\" aria-hidden=\"true\">*<\/span><\/label><input type=\"email\" id=\"wpforms-38290-field_1\" class=\"wpforms-field-medium wpforms-field-required\" name=\"wpforms[fields][1]\" spellcheck=\"false\" aria-errormessage=\"wpforms-38290-field_1-error\" required><\/div>\t\t<div id=\"wpforms-38290-field_2-container\"\n\t\t\tclass=\"wpforms-field wpforms-field-text\"\n\t\t\tdata-field-type=\"text\"\n\t\t\tdata-field-id=\"2\"\n\t\t\t>\n\t\t\t<label class=\"wpforms-field-label\" for=\"wpforms-38290-field_2\" >Email Nome (cat\u00e1logo<\/label>\n\t\t\t<input type=\"text\" id=\"wpforms-38290-field_2\" class=\"wpforms-field-medium\" name=\"wpforms[fields][2]\" >\n\t\t<\/div>\n\t\t<div id=\"wpforms-38290-field_8-container\" class=\"wpforms-field wpforms-field-textarea\" data-field-id=\"8\"><label class=\"wpforms-field-label\" for=\"wpforms-38290-field_8\">Coment\u00e1rios<\/label><textarea id=\"wpforms-38290-field_8\" class=\"wpforms-field-medium\" name=\"wpforms[fields][8]\" aria-errormessage=\"wpforms-38290-field_8-error\" aria-describedby=\"wpforms-38290-field_8-description\" ><\/textarea><div id=\"wpforms-38290-field_8-description\" class=\"wpforms-field-description\">Conte-nos mais sobre sua empresa e o que tem a oferecer. Destaque seus principais produtos, diferenciais de mercado, capacidade de entrega e condi\u00e7\u00f5es comerciais. Explique por que sua proposta pode ser interessante para a Romani Constru\u00e7\u00e3o e Acabamentos. Quanto mais detalhes, melhor ser\u00e1 nossa avalia\u00e7\u00e3o!<\/div><\/div><div id=\"wpforms-38290-field_9-container\" class=\"wpforms-field wpforms-field-file-upload\" data-field-id=\"9\"><label class=\"wpforms-field-label\" for=\"wpforms-38290-field_9\">Envio de arquivo - (cat\u00e1logo ou propostas)<\/label><div\n\t\tclass=\"wpforms-uploader\"\n\t\tdata-field-id=\"9\"\n\t\tdata-form-id=\"38290\"\n\t\tdata-input-name=\"wpforms_38290_9\"\n\t\tdata-extensions=\"jpg,jpeg,jpe,gif,png,bmp,tiff,tif,webp,avif,ico,heic,heif,heics,heifs,asf,asx,wmv,wmx,wm,avi,divx,mov,qt,mpeg,mpg,mpe,mp4,m4v,ogv,webm,mkv,3gp,3gpp,3g2,3gp2,txt,asc,c,cc,h,srt,csv,tsv,ics,rtx,css,vtt,mp3,m4a,m4b,aac,ra,ram,wav,x-wav,ogg,oga,flac,mid,midi,wma,wax,mka,rtf,pdf,class,tar,zip,gz,gzip,rar,7z,psd,xcf,doc,pot,pps,ppt,wri,xla,xls,xlt,xlw,mpp,docx,docm,dotx,dotm,xlsx,xlsm,xlsb,xltx,xltm,xlam,pptx,pptm,ppsx,ppsm,potx,potm,ppam,sldx,sldm,onetoc,onetoc2,onepkg,oxps,xps,odt,odp,ods,odg,odc,odb,odf,wp,wpd,key,numbers,pages,svg,svgz,woff,woff2,ttf,eot\"\n\t\tdata-max-size=\"3221225472\"\n\t\tdata-max-file-number=\"3\"\n\t\tdata-post-max-size=\"3221225472\"\n\t\tdata-max-parallel-uploads=\"4\"\n\t\tdata-parallel-uploads=\"true\"\n\t\tdata-file-chunk-size=\"2097152\">\n\t<div class=\"dz-message\">\n\t\t<svg  viewbox=\"0 0 640 640\" focusable=\"false\" data-icon=\"inbox\" width=\"50px\" height=\"50px\" fill=\"currentColor\" aria-hidden=\"true\">\n\t\t\t<path d=\"M352 173.3L352 384C352 401.7 337.7 416 320 416C302.3 416 288 401.7 288 384L288 173.3L246.6 214.7C234.1 227.2 213.8 227.2 201.3 214.7C188.8 202.2 188.8 181.9 201.3 169.4L297.3 73.4C309.8 60.9 330.1 60.9 342.6 73.4L438.6 169.4C451.1 181.9 451.1 202.2 438.6 214.7C426.1 227.2 405.8 227.2 393.3 214.7L352 173.3zM320 464C364.2 464 400 428.2 400 384L480 384C515.3 384 544 412.7 544 448L544 480C544 515.3 515.3 544 480 544L160 544C124.7 544 96 515.3 96 480L96 448C96 412.7 124.7 384 160 384L240 384C240 428.2 275.8 464 320 464zM464 488C477.3 488 488 477.3 488 464C488 450.7 477.3 440 464 440C450.7 440 440 450.7 440 464C440 477.3 450.7 488 464 488z\"\/>\n\t\t<\/svg>\n\n\t\t<span class=\"modern-title\">\n\t\t\t\t\t\t\tDrag &amp; Drop Files, \t\t\t\t<span>Choose Files to Upload<\/span>\n\t\t\t\t\t<\/span>\n\n\t\t\t\t\t<span class=\"modern-hint\">You can upload up to 3 files.<\/span>\n\t\t\t<\/div>\n<\/div>\n\n<input\n\t\ttype=\"text\"\n\t\tautocomplete=\"off\"\n\t\treadonly\n\t\tclass=\"dropzone-input\"\n\t\tstyle=\"position:absolute!important;clip:rect(0,0,0,0)!important;height:1px!important;width:1px!important;border:0!important;overflow:hidden!important;padding:0!important;margin:0!important;\"\n\t\tid=\"wpforms-38290-field_9\"\n\t\tname=\"wpforms_38290_9\" \t\tvalue=\"\">\n<\/div><script>\n\t\t\t\t( function() {\n\t\t\t\t\tconst style = document.createElement( 'style' );\n\t\t\t\t\tstyle.appendChild( document.createTextNode( '#wpforms-38290-field_2-container { position: absolute !important; overflow: hidden !important; display: inline !important; height: 1px !important; width: 1px !important; z-index: -1000 !important; padding: 0 !important; } #wpforms-38290-field_2-container input { visibility: hidden; } #wpforms-conversational-form-page #wpforms-38290-field_2-container label { counter-increment: none; }' ) );\n\t\t\t\t\tdocument.head.appendChild( style );\n\t\t\t\t\tdocument.currentScript?.remove();\n\t\t\t\t} )();\n\t\t\t<\/script><\/div><!-- .wpforms-field-container --><div class=\"wpforms-submit-container\" ><input type=\"hidden\" name=\"wpforms[id]\" value=\"38290\"><input type=\"hidden\" name=\"page_title\" value=\"\"><input type=\"hidden\" name=\"page_url\" value=\"https:\/\/romaniacabamentos.com.br\/en\/wp-json\/wp\/v2\/pages\/38289\"><input type=\"hidden\" name=\"url_referer\" value=\"\"><button type=\"submit\" name=\"wpforms[submit]\" id=\"wpforms-submit-38290\" class=\"wpforms-submit\" data-alt-text=\"ENVIANDO...\" data-submit-text=\"ENVIAR\" aria-live=\"assertive\" value=\"wpforms-submit\">ENVIAR<\/button><img loading=\"lazy\" decoding=\"async\" src=\"https:\/\/romaniacabamentos.com.br\/wp-content\/plugins\/wpforms\/assets\/images\/submit-spin.svg\" class=\"wpforms-submit-spinner\" style=\"display: none;\" width=\"26\" height=\"26\" alt=\"Loading\"><\/div><input type=\"hidden\" name=\"trp-form-language\" value=\"en\"\/><\/form><\/div>  <!-- .wpforms-container -->\n\n\n\n<p>Ap\u00f3s o envio, nossa equipe ir\u00e1 analisar a proposta e, se houver interesse, entraremos em contato para agendar um hor\u00e1rio.<\/p>","protected":false},"excerpt":{"rendered":"<p>Seja um Fornecedor da Romani Na Romani Constru\u00e7\u00e3o e Acabamentos, reconhecemos que fornecedores comprometidos com a qualidade e a pontualidade<\/p>","protected":false},"author":2,"featured_media":0,"parent":0,"menu_order":0,"comment_status":"closed","ping_status":"closed","template":"","meta":{"footnotes":""},"class_list":["post-38289","page","type-page","status-publish","hentry"],"_links":{"self":[{"href":"https:\/\/romaniacabamentos.com.br\/en\/wp-json\/wp\/v2\/pages\/38289","targetHints":{"allow":["GET"]}}],"collection":[{"href":"https:\/\/romaniacabamentos.com.br\/en\/wp-json\/wp\/v2\/pages"}],"about":[{"href":"https:\/\/romaniacabamentos.com.br\/en\/wp-json\/wp\/v2\/types\/page"}],"author":[{"embeddable":true,"href":"https:\/\/romaniacabamentos.com.br\/en\/wp-json\/wp\/v2\/users\/2"}],"replies":[{"embeddable":true,"href":"https:\/\/romaniacabamentos.com.br\/en\/wp-json\/wp\/v2\/comments?post=38289"}],"version-history":[{"count":1,"href":"https:\/\/romaniacabamentos.com.br\/en\/wp-json\/wp\/v2\/pages\/38289\/revisions"}],"predecessor-version":[{"id":38294,"href":"https:\/\/romaniacabamentos.com.br\/en\/wp-json\/wp\/v2\/pages\/38289\/revisions\/38294"}],"wp:attachment":[{"href":"https:\/\/romaniacabamentos.com.br\/en\/wp-json\/wp\/v2\/media?parent=38289"}],"curies":[{"name":"wp","href":"https:\/\/api.w.org\/{rel}","templated":true}]}}